{"id":1473,"date":"2024-10-22T17:37:32","date_gmt":"2024-10-22T15:37:32","guid":{"rendered":"https:\/\/id-electronics.de\/imprint\/"},"modified":"2025-10-28T10:22:59","modified_gmt":"2025-10-28T09:22:59","slug":"imprint","status":"publish","type":"page","link":"https:\/\/id-electronics.de\/en\/imprint\/","title":{"rendered":"Imprint"},"content":{"rendered":"\t\t<div data-elementor-type=\"wp-page\" data-elementor-id=\"1473\" class=\"elementor elementor-1473 elementor-626\" data-elementor-post-type=\"page\">\n\t\t\t\t<div class=\"elementor-element elementor-element-6d4f794d e-flex e-con-boxed e-con e-parent\" data-id=\"6d4f794d\" data-element_type=\"container\" data-e-type=\"container\" data-settings=\"{&quot;background_background&quot;:&quot;classic&quot;}\">\n\t\t\t\t\t<div class=\"e-con-inner\">\n\t\t\t\t<div class=\"elementor-element elementor-element-3b4bf95d elementor-widget__width-initial elementor-widget elementor-widget-heading\" data-id=\"3b4bf95d\" data-element_type=\"widget\" data-e-type=\"widget\" data-widget_type=\"heading.default\">\n\t\t\t\t<div class=\"elementor-widget-container\">\n\t\t\t\t\t<h2 class=\"elementor-heading-title elementor-size-default\">Imprint<\/h2>\t\t\t\t<\/div>\n\t\t\t\t<\/div>\n\t\t\t\t\t<\/div>\n\t\t\t\t<\/div>\n\t\t<div class=\"elementor-element elementor-element-b71ce60 e-flex e-con-boxed e-con e-parent\" data-id=\"b71ce60\" data-element_type=\"container\" data-e-type=\"container\">\n\t\t\t\t\t<div class=\"e-con-inner\">\n\t\t\t\t<div class=\"elementor-element elementor-element-6b8d3d56 elementor-widget__width-initial elementor-widget elementor-widget-text-editor\" data-id=\"6b8d3d56\" data-element_type=\"widget\" data-e-type=\"widget\" data-widget_type=\"text-editor.default\">\n\t\t\t\t<div class=\"elementor-widget-container\">\n\t\t\t\t\t\t\t\t\t<h5>Imprint<\/h5><p><strong>ID: Electronics GmbH<\/strong><br>Dorfstr. 9e<br>08294 L\u00f6\u00dfnitz, OT Gr\u00fcna<\/p><p><strong>Sales tax ID:<\/strong> DE348960072<\/p><p><strong>Commercial register: HRB 34489<\/strong><br><strong>Register court: Local court Chemnitz<\/strong><\/p><p><strong>Represented by:<\/strong><br>Managing Director Danny Rausch<\/p><h5>Contact us<\/h5><p>Phone: +49 3771 3407534<br>E-mail: info@id-electronics.de<\/p><h5>Editorial responsibility<\/h5><p>Danny Rausch<\/p><p> <\/p>\t\t\t\t\t\t\t\t<\/div>\n\t\t\t\t<\/div>\n\t\t\t\t\t<\/div>\n\t\t\t\t<\/div>\n\t\t\t\t<\/div>\n\t\t","protected":false},"excerpt":{"rendered":"<p>Imprint Imprint ID: Electronics GmbHDorfstr. 9e08294 L\u00f6\u00dfnitz, OT Gr\u00fcna Sales tax ID: DE348960072 Commercial register: HRB 34489Register court: Local court Chemnitz Represented by:Managing Director Danny Rausch Contact us Phone: +49 3771 3407534E-mail: info@id-electronics.de Editorial responsibility Danny Rausch<\/p>\n","protected":false},"author":1,"featured_media":0,"parent":0,"menu_order":0,"comment_status":"closed","ping_status":"closed","template":"elementor_header_footer","meta":{"footnotes":""},"class_list":["post-1473","page","type-page","status-publish","hentry"],"_links":{"self":[{"href":"https:\/\/id-electronics.de\/en\/wp-json\/wp\/v2\/pages\/1473","targetHints":{"allow":["GET"]}}],"collection":[{"href":"https:\/\/id-electronics.de\/en\/wp-json\/wp\/v2\/pages"}],"about":[{"href":"https:\/\/id-electronics.de\/en\/wp-json\/wp\/v2\/types\/page"}],"author":[{"embeddable":true,"href":"https:\/\/id-electronics.de\/en\/wp-json\/wp\/v2\/users\/1"}],"replies":[{"embeddable":true,"href":"https:\/\/id-electronics.de\/en\/wp-json\/wp\/v2\/comments?post=1473"}],"version-history":[{"count":0,"href":"https:\/\/id-electronics.de\/en\/wp-json\/wp\/v2\/pages\/1473\/revisions"}],"wp:attachment":[{"href":"https:\/\/id-electronics.de\/en\/wp-json\/wp\/v2\/media?parent=1473"}],"curies":[{"name":"wp","href":"https:\/\/api.w.org\/{rel}","templated":true}]}}